{"id":2917,"date":"2020-01-24T12:18:12","date_gmt":"2020-01-24T10:18:12","guid":{"rendered":"https:\/\/bmwabi.ee\/et\/?post_type=product&#038;p=2917"},"modified":"2020-03-27T13:37:28","modified_gmt":"2020-03-27T11:37:28","slug":"auto-generaatori-ja-auto-starteri-remont","status":"publish","type":"product","link":"https:\/\/bmwabi.ee\/et\/p\/bmw-generaatorite-ja-starterite-remont\/","title":{"rendered":"BMW generaatorite ja starterite remont"},"content":{"rendered":"<p>BMW\u00a0autodele\u00a0paigaldame\u00a0j\u00e4rgmiste\u00a0kontrollitud\u00a0tootjate\u00a0startereid\u00a0ja\u00a0generaatoreid: Bosch, Valeo, Magneti\u00a0Marelli.<\/p>\n<p>Starteri\u00a0remont\u00a0BMW\u00a0s\u00f5idukitel on p\u00e4ris keeruline protseduur ja on hea usaldada see oma ala professionaalidele. Tihtipeale selleks, et meister p\u00e4\u00e4seks starteri<em><i>\u00a0<\/i><\/em>kontaktide juurde, oleks vaja m\u00f5ned elemendid autost lahti v\u00f5tta ja p\u00e4rast tagasi paigaldada. Meie kaasaegsed dignostikasedmed ja asjatundjate kogemused v\u00f5imaldavad meil kiiresti ja k\u00f5rgkvaliteetselt auto seadmete remonti teostada.<\/p>\n<p>Valides BMWAbi v\u00f5idad rahas ja ajas.<\/p>\n<p>&nbsp;<\/p>\n<p>Hinnad alates 35 eurost.<\/p>\n<p>K\u00f5ikidele meie t\u00f6\u00f6dele kehtib pooleaastane GARANTII.<\/p>\n<p>Asume aadressil Punane 56. Broneerida aega saab helistades telefonile: +37258844018<\/p>","protected":false},"excerpt":{"rendered":"<p>BMW\u00a0autodele\u00a0paigaldame\u00a0j\u00e4rgmiste\u00a0kontrollitud\u00a0tootjate\u00a0startereid\u00a0ja\u00a0generaatoreid: Bosch, Valeo, Magneti\u00a0Marelli. Starteri\u00a0remont\u00a0BMW\u00a0s\u00f5idukitel on p\u00e4ris keeruline protseduur ja on hea usaldada see oma ala professionaalidele. Tihtipeale selleks, et<\/p>\n","protected":false},"featured_media":3253,"comment_status":"closed","ping_status":"closed","template":"","meta":[],"product_cat":[64],"product_tag":[],"_links":{"self":[{"href":"https:\/\/bmwabi.ee\/et\/wp-json\/wp\/v2\/product\/2917"}],"collection":[{"href":"https:\/\/bmwabi.ee\/et\/wp-json\/wp\/v2\/product"}],"about":[{"href":"https:\/\/bmwabi.ee\/et\/wp-json\/wp\/v2\/types\/product"}],"replies":[{"embeddable":true,"href":"https:\/\/bmwabi.ee\/et\/wp-json\/wp\/v2\/comments?post=2917"}],"wp:featuredmedia":[{"embeddable":true,"href":"https:\/\/bmwabi.ee\/et\/wp-json\/wp\/v2\/media\/3253"}],"wp:attachment":[{"href":"https:\/\/bmwabi.ee\/et\/wp-json\/wp\/v2\/media?parent=2917"}],"wp:term":[{"taxonomy":"product_cat","embeddable":true,"href":"https:\/\/bmwabi.ee\/et\/wp-json\/wp\/v2\/product_cat?post=2917"},{"taxonomy":"product_tag","embeddable":true,"href":"https:\/\/bmwabi.ee\/et\/wp-json\/wp\/v2\/product_tag?post=2917"}],"curies":[{"name":"wp","href":"https:\/\/api.w.org\/{rel}","templated":true}]}}