{"id":2918,"date":"2020-01-24T12:18:33","date_gmt":"2020-01-24T10:18:33","guid":{"rendered":"https:\/\/bmwabi.ee\/et\/?post_type=product&#038;p=2918"},"modified":"2020-03-27T13:39:31","modified_gmt":"2020-03-27T11:39:31","slug":"autosummuti-remont-ja-vahetus","status":"publish","type":"product","link":"https:\/\/bmwabi.ee\/et\/p\/bmw-summuti-remont-ja-vahetus\/","title":{"rendered":"BMW summuti remont ja vahetus"},"content":{"rendered":"<p>Saksa br\u00e4nd BMW on auga v\u00e4lja teeninud k\u00f5rge koha tuntud ja auv\u00e4\u00e4rsete kaubam\u00e4rkide nimistus. Range stiil, mugavus, usaldusv\u00e4\u00e4rsus ja t\u00f6\u00f6kindlus on omadused, mille t\u00f5ttu on BMW kaubam\u00e4rk hinnatud kogu maailmas.<\/p>\n<p>BMW v\u00e4ljalaskes\u00fcsteemil on mitmeid erip\u00e4rasid, mida tuleb remondi k\u00e4igus arvesse v\u00f5tta, sest summuti rikke t\u00f5ttu v\u00f5ivad kahjustuda ka teised s\u00f5lmed. Rikkis summuti t\u00f5ttu langeb peaaegu alati ka mootori v\u00f5imsus. Halvenevad ka teised s\u00f5iduki kasutusomadused. Rikke algp\u00f5hjuseks, mille t\u00f5ttu v\u00f5ib summuti vajada remonti, on sageli ebakvaliteetne k\u00fctus, mis ei p\u00f5le l\u00f5puni ja see omakorda p\u00f5hjustab katal\u00fcsaatori rikke.<\/p>\n<p>BMW summuti remont ja v\u00e4ljavahetamine on vastutusrikas t\u00f6\u00f6, sest tulemus peab vastama Saksa inseneride poolt ette n\u00e4htud karakteristikutele. Meie autoteenindus pakub tervet teenuste kompleksi BMW s\u00f5idukite v\u00e4ljalaskes\u00fcsteemi remondiks ja hoolduseks. V\u00f5imalusel ja vajadusel kasutatakse summuti remondiks moodsaimaid keevitusseadmeid. Meie kogenud meistrid tunnevad k\u00f5iki uusimaid tehnoloogiaid, mida rakendatakse summuti ja teise elementide remontimisel ja v\u00e4ljavahetamisel. Me pakume kvaliteetset teenust l\u00fchikeste t\u00e4htaegadega.<\/p>\n<p>&nbsp;<\/p>\n<p>Hinnad alates 50 eurost.<\/p>\n<p>K\u00f5ikidele meie t\u00f6\u00f6dele kehtib pooleaastane GARANTII.<\/p>\n<p>Asume aadressil Punane 56. Broneerida aega saab helistades telefonile: +37258844018<\/p>","protected":false},"excerpt":{"rendered":"<p>Saksa br\u00e4nd BMW on auga v\u00e4lja teeninud k\u00f5rge koha tuntud ja auv\u00e4\u00e4rsete kaubam\u00e4rkide nimistus. Range stiil, mugavus, usaldusv\u00e4\u00e4rsus ja t\u00f6\u00f6kindlus<\/p>\n","protected":false},"featured_media":3263,"comment_status":"closed","ping_status":"closed","template":"","meta":[],"product_cat":[64],"product_tag":[],"_links":{"self":[{"href":"https:\/\/bmwabi.ee\/et\/wp-json\/wp\/v2\/product\/2918"}],"collection":[{"href":"https:\/\/bmwabi.ee\/et\/wp-json\/wp\/v2\/product"}],"about":[{"href":"https:\/\/bmwabi.ee\/et\/wp-json\/wp\/v2\/types\/product"}],"replies":[{"embeddable":true,"href":"https:\/\/bmwabi.ee\/et\/wp-json\/wp\/v2\/comments?post=2918"}],"wp:featuredmedia":[{"embeddable":true,"href":"https:\/\/bmwabi.ee\/et\/wp-json\/wp\/v2\/media\/3263"}],"wp:attachment":[{"href":"https:\/\/bmwabi.ee\/et\/wp-json\/wp\/v2\/media?parent=2918"}],"wp:term":[{"taxonomy":"product_cat","embeddable":true,"href":"https:\/\/bmwabi.ee\/et\/wp-json\/wp\/v2\/product_cat?post=2918"},{"taxonomy":"product_tag","embeddable":true,"href":"https:\/\/bmwabi.ee\/et\/wp-json\/wp\/v2\/product_tag?post=2918"}],"curies":[{"name":"wp","href":"https:\/\/api.w.org\/{rel}","templated":true}]}}