{"id":2922,"date":"2020-01-24T12:20:47","date_gmt":"2020-01-24T10:20:47","guid":{"rendered":"https:\/\/bmwabi.ee\/et\/?post_type=product&#038;p=2922"},"modified":"2020-03-27T13:32:53","modified_gmt":"2020-03-27T11:32:53","slug":"tahmafiltri-dpf-eemaldamine-ja-valjaprogrammeerimine","status":"publish","type":"product","link":"https:\/\/bmwabi.ee\/et\/p\/bmw-autode-tahmafiltri-dpf-eemaldamine-ja-programmeerimine\/","title":{"rendered":"BMW autode tahmafiltri (DPF) eemaldamine ja programmeerimine"},"content":{"rendered":"<p>Eemaldame tahmafiltreid (DPF) k\u00f5ikidel BMW kaubam\u00e4rgi kandvatel s\u00f5iduautodel.<\/p>\n<p>Paljud diisels\u00f5idukite omanikud on kindlasti teadlikud sellest, milles seisneb tahmailtri otstarve. Selleks, et auto saastaks v\u00e4hem \u00f5hku, on vaja heitgaasides leiduva p\u00f5lemata tahma\u00a0kinni p\u00fc\u00fcda ja p\u00f5letada. Ummistunud tahmafilter (DPF) v\u00f5ib auto mineku tuimaks muuta ja mootori t\u00f6\u00f6d kahjustada.<\/p>\n<p>Tahmafiltri (DPF) eemaldamise eelised:<\/p>\n<p>&nbsp;<\/p>\n<ul>\n<li>tahmafiltri eemaldamine on palju soodsam, kui uuega asendamine<\/li>\n<li>mootoriv\u00f5imsuse taastamine<\/li>\n<li>keskmise k\u00fctusekulu v\u00e4henemine<\/li>\n<li>pardakompuuter ei n\u00e4ita vigu<\/li>\n<\/ul>\n<p>&nbsp;<\/p>\n<p>T\u00f6\u00f6de maksumusse kuulub tahmafiltri eemaldamine ja mootori elektroonika v\u00e4ljaprogrammeerimine. Kuna tahmafiltri eemaldamine on n\u00fcansirikas t\u00f6\u00f6, k\u00f5igepealt tehakse diagnostikat. Teenuse hind s\u00f5ltub BMW auto mudelist, klassist, aastast ja komplektatsioonist.<\/p>\n<p>&nbsp;<\/p>\n<p>Hinnad alates 350 eurost.<\/p>\n<p>K\u00f5ikidele meie t\u00f6\u00f6dele kehtib pooleaastane GARANTII.<\/p>\n<p>Asume aadressil Punane 56. Broneerida aega saab helistades telefonile: +37258844018<\/p>","protected":false},"excerpt":{"rendered":"<p>Eemaldame tahmafiltreid (DPF) k\u00f5ikidel BMW kaubam\u00e4rgi kandvatel s\u00f5iduautodel. Paljud diisels\u00f5idukite omanikud on kindlasti teadlikud sellest, milles seisneb tahmailtri otstarve. Selleks,<\/p>\n","protected":false},"featured_media":3252,"comment_status":"closed","ping_status":"closed","template":"","meta":[],"product_cat":[64],"product_tag":[],"_links":{"self":[{"href":"https:\/\/bmwabi.ee\/et\/wp-json\/wp\/v2\/product\/2922"}],"collection":[{"href":"https:\/\/bmwabi.ee\/et\/wp-json\/wp\/v2\/product"}],"about":[{"href":"https:\/\/bmwabi.ee\/et\/wp-json\/wp\/v2\/types\/product"}],"replies":[{"embeddable":true,"href":"https:\/\/bmwabi.ee\/et\/wp-json\/wp\/v2\/comments?post=2922"}],"wp:featuredmedia":[{"embeddable":true,"href":"https:\/\/bmwabi.ee\/et\/wp-json\/wp\/v2\/media\/3252"}],"wp:attachment":[{"href":"https:\/\/bmwabi.ee\/et\/wp-json\/wp\/v2\/media?parent=2922"}],"wp:term":[{"taxonomy":"product_cat","embeddable":true,"href":"https:\/\/bmwabi.ee\/et\/wp-json\/wp\/v2\/product_cat?post=2922"},{"taxonomy":"product_tag","embeddable":true,"href":"https:\/\/bmwabi.ee\/et\/wp-json\/wp\/v2\/product_tag?post=2922"}],"curies":[{"name":"wp","href":"https:\/\/api.w.org\/{rel}","templated":true}]}}