{"id":2928,"date":"2020-01-24T12:24:17","date_gmt":"2020-01-24T10:24:17","guid":{"rendered":"https:\/\/bmwabi.ee\/et\/?post_type=product&#038;p=2928"},"modified":"2020-03-12T16:46:30","modified_gmt":"2020-03-12T14:46:30","slug":"teised-teenused","status":"publish","type":"product","link":"https:\/\/bmwabi.ee\/et\/p\/teised-teenused\/","title":{"rendered":"Teised teenused"},"content":{"rendered":"<p>Firma TEHO Partners\u00a0areneb d\u00fcnaamiliselt ja oma tegevuses ei piirdu meie firma autoservises tavaks olevate teenuste osutamisega. Meie kollektiiv t\u00e4iustab pidavalt oma kogemusi ja laiendab tehtavate t\u00f6\u00f6de loetelu. Seega kui Teil on vaja teenust, mille kirjeldust meie men\u00fc\u00fcs ei leidu, siis palume meile helistada ja t\u00e4psustada Teie s\u00f5idukiga seotud probleemi olemust. T\u00e4iesti t\u00f5en\u00e4oline on see, et teeme ka selliseid t\u00f6id, mis pakuvad Teile huvi, kuid lihtsalt f\u00fc\u00fcsiliselt me ei ole suutnud kogu seda infot k\u00f5igist teenustest siin kajastada.<\/p>\n<p><em><i>Meie valmidus Teid abistada<\/i><\/em><\/p>\n<p>Meie firma teeb ka keevitamise t\u00f6id. Samuti vajaduse korral suuname auto peale remonti riiklikule tehno\u00fclevaatusele ja pakume hulgaliselt ka teisi teenuseid. K\u00e4esolevaks ajaks on meie klientide arv kasvanud \u00fcle 4000-nde. Ja iga\u00fchele neist \u00fcritame l\u00e4heneda individuaalselt.<\/p>\n<p><em><i>T\u00e4htis etapp enne auto ostmist<\/i><\/em><\/p>\n<p>Kui Te olete otsustanud osta endale kasutatud auto, siis veenduge selle kvaliteedis. Meie spetsialistid aitavad objektiivselt hinnata selle s\u00f5iduki seisukorda. Me teeme autole korraliku \u00fclevaatuse ja oleme abiks ostmise k\u00f5ikide \u201epoolt\u201c ja \u201evastu\u201c agumentide kaalumisel. \u00a0Samas esitame ka v\u00f5imaliku remondihinna, mis v\u00f5ib vaja minna kui auto on vaidlusaluses seisundis.<\/p>\n<p>TEHO Partners\u00a0\u2013 see t\u00e4hendab ainul k\u00f5rgeklassilist teenindamist ja meie meeskonna valmisolekut Teid abistada, kasutades selleks k\u00f5iki oma teadmisi ja paljude aastate jooksul omandatud kogemusi!<\/p>","protected":false},"excerpt":{"rendered":"<p>Firma TEHO Partners\u00a0areneb d\u00fcnaamiliselt ja oma tegevuses ei piirdu meie firma autoservises tavaks olevate teenuste osutamisega. Meie kollektiiv t\u00e4iustab pidavalt<\/p>\n","protected":false},"featured_media":3256,"comment_status":"closed","ping_status":"closed","template":"","meta":[],"product_cat":[64],"product_tag":[],"_links":{"self":[{"href":"https:\/\/bmwabi.ee\/et\/wp-json\/wp\/v2\/product\/2928"}],"collection":[{"href":"https:\/\/bmwabi.ee\/et\/wp-json\/wp\/v2\/product"}],"about":[{"href":"https:\/\/bmwabi.ee\/et\/wp-json\/wp\/v2\/types\/product"}],"replies":[{"embeddable":true,"href":"https:\/\/bmwabi.ee\/et\/wp-json\/wp\/v2\/comments?post=2928"}],"wp:featuredmedia":[{"embeddable":true,"href":"https:\/\/bmwabi.ee\/et\/wp-json\/wp\/v2\/media\/3256"}],"wp:attachment":[{"href":"https:\/\/bmwabi.ee\/et\/wp-json\/wp\/v2\/media?parent=2928"}],"wp:term":[{"taxonomy":"product_cat","embeddable":true,"href":"https:\/\/bmwabi.ee\/et\/wp-json\/wp\/v2\/product_cat?post=2928"},{"taxonomy":"product_tag","embeddable":true,"href":"https:\/\/bmwabi.ee\/et\/wp-json\/wp\/v2\/product_tag?post=2928"}],"curies":[{"name":"wp","href":"https:\/\/api.w.org\/{rel}","templated":true}]}}