{"id":2929,"date":"2020-01-24T12:24:48","date_gmt":"2020-01-24T10:24:48","guid":{"rendered":"https:\/\/bmwabi.ee\/et\/?post_type=product&#038;p=2929"},"modified":"2020-03-12T16:50:09","modified_gmt":"2020-03-12T14:50:09","slug":"mootori-remont","status":"publish","type":"product","link":"https:\/\/bmwabi.ee\/et\/p\/mootori-remont\/","title":{"rendered":"Mootori remont"},"content":{"rendered":"<p>Mootor \u2013 see on auto peamine osa, mille korrasolekust s\u00f5ltub normaalse s\u00f5iduteekonna pikkus ja selle ohutus liikumise protsessis. Seega, tasub perioodiliselt teha mootorile diagnostikat ja seej\u00e4rel remonti isegi mitteoluliste vigade ilmnemisel. Eriti siis kui v\u00f5tta arvesse asjaolu, et t\u00e4helepanuta j\u00e4\u00e4nud vead v\u00f5ivad kasvada suurteks riketeks.<\/p>\n<p><em><i>Millal on vajalik mootori remontimine?<\/i><\/em><\/p>\n<p>On hulgaliselt mootori vigastusi ja probleeme, mille juures tuleb kasutada spetsialisti sekkumist. Firmale TEHO Partners\u00a0on see j\u00f5ukohane. Meil t\u00f6\u00f6tavad kvalifitseeritud oma ala meistrid, kes rakendavad omandatud oskusi, mis on saadud rohkem kui 10-ne aastase staa\u017ei jooksul. Meie spetsialistid on abiks Teie auto mootori remontimisel. Kuid eduka remondi tulemused ei s\u00f5ltu mitte ainult spetsialistidest, vaid ka \u00f5igeaegsest p\u00f6\u00f6rdumisest meie poole. Seega, palun tutvuge v\u00f5imalike baastunnustega kui Teie auto mootor \u201ejukerdab\u201c ja \u00a0on aeg p\u00f6\u00f6rduda autoservisesse. Need tunnused oleksid:<\/p>\n<ul>\n<li>suurenenud mootori\u00f5li tarbimine;<\/li>\n<li>saasteainete osa suurenemine heitgaasides;<\/li>\n<li>s\u00fc\u00fctek\u00fc\u00fcnalde kontaktidele n\u00f5e tekkimine;<\/li>\n<li>eba\u00fchtlane mootori t\u00f6\u00f6 t\u00fchik\u00e4igul;<\/li>\n<li>suurenenud k\u00fctusekulu;<\/li>\n<li>katkestused detailide t\u00f6\u00f6s;<\/li>\n<li>l\u00f6\u00f6gid mehhanismis;<\/li>\n<li>v\u00f5imsuse langemine;<\/li>\n<li>\u00fclekuumenemine.<\/li>\n<\/ul>\n<p>Olete avastanud \u00fche neist tunnustest?<\/p>\n<p>Siis tuleb Teie auto mootorile teha diagnostikat ja seej\u00e4rel kvaliteetselt remontida.<\/p>","protected":false},"excerpt":{"rendered":"<p>Mootor \u2013 see on auto peamine osa, mille korrasolekust s\u00f5ltub normaalse s\u00f5iduteekonna pikkus ja selle ohutus liikumise protsessis. Seega, tasub<\/p>\n","protected":false},"featured_media":3268,"comment_status":"closed","ping_status":"closed","template":"","meta":[],"product_cat":[64],"product_tag":[],"_links":{"self":[{"href":"https:\/\/bmwabi.ee\/et\/wp-json\/wp\/v2\/product\/2929"}],"collection":[{"href":"https:\/\/bmwabi.ee\/et\/wp-json\/wp\/v2\/product"}],"about":[{"href":"https:\/\/bmwabi.ee\/et\/wp-json\/wp\/v2\/types\/product"}],"replies":[{"embeddable":true,"href":"https:\/\/bmwabi.ee\/et\/wp-json\/wp\/v2\/comments?post=2929"}],"wp:featuredmedia":[{"embeddable":true,"href":"https:\/\/bmwabi.ee\/et\/wp-json\/wp\/v2\/media\/3268"}],"wp:attachment":[{"href":"https:\/\/bmwabi.ee\/et\/wp-json\/wp\/v2\/media?parent=2929"}],"wp:term":[{"taxonomy":"product_cat","embeddable":true,"href":"https:\/\/bmwabi.ee\/et\/wp-json\/wp\/v2\/product_cat?post=2929"},{"taxonomy":"product_tag","embeddable":true,"href":"https:\/\/bmwabi.ee\/et\/wp-json\/wp\/v2\/product_tag?post=2929"}],"curies":[{"name":"wp","href":"https:\/\/api.w.org\/{rel}","templated":true}]}}