{"id":2930,"date":"2020-01-24T12:25:24","date_gmt":"2020-01-24T10:25:24","guid":{"rendered":"https:\/\/bmwabi.ee\/et\/?post_type=product&#038;p=2930"},"modified":"2020-03-12T16:47:23","modified_gmt":"2020-03-12T14:47:23","slug":"rehvide-vahetus","status":"publish","type":"product","link":"https:\/\/bmwabi.ee\/et\/p\/rehvide-vahetus\/","title":{"rendered":"Rehvide vahetus"},"content":{"rendered":"<p>Ei ole sellist autohuvilist, kes ei oleks kokku puutunud rehvide vahetusega vastavalt aastaajale. TEHO Partners\u2019i spetsialistid kindlustavad Teile k\u00f5rgetasemelise rehvimontaa\u017ei koos sobiva hinnaga selleks, et saaksite pidevalt olla valmis s\u00f5iduks uue aastaaja tingimustes.<\/p>\n<p><em><i>Teenuste eeskujulik kvaliteet<\/i><\/em><\/p>\n<p>Meie firmal on olemas k\u00f5iksugused seadmed ja t\u00f6\u00f6vahendid, mida v\u00f5ib vaja minna kvaliteetse rehvimontaa\u017ei teostamiseks. Meil on kaasaegsed manomeetrid ja platvormt\u00f5stukid, mille abil rataste diagnostika tegemine on lihtne. Me vaatame \u00fcle Teie auto rehvide seisukorra, vajaduse korral lisame r\u00f5hku ning anname soovitusi, mis tagavad s\u00f5iduohutust ja efektiivset ekspluatatsiooni vastavalt aastaajale.<\/p>\n<p><em><i>T\u00e4iendavad teenused<\/i><\/em><\/p>\n<p>Kasutades TEHO Partners\u2019i teenuseid, saate kasutada allj\u00e4rgnevaid eeliseid:<\/p>\n<ul>\n<li>kvaliteetne teenindamine spetsialiste poolt, kellel on kogemusi \u00fcle 10-ne aasta;<\/li>\n<li>operatiivsus, t\u00e4nu millele on ooteajad l\u00fchikesed;<\/li>\n<li>v\u00f5imalik saada kliendikaart, mille abil saab hinnasoodustust 5% ulatuses ja privileegi esitada varuosade tellimust telefoni teel.<\/li>\n<\/ul>\n<p>Me osutame rehvivahetuse ja teisi autoservise teenuseid, mis aitavad Teie s\u00f5idukit korras hoida.<\/p>","protected":false},"excerpt":{"rendered":"<p>Ei ole sellist autohuvilist, kes ei oleks kokku puutunud rehvide vahetusega vastavalt aastaajale. TEHO Partners\u2019i spetsialistid kindlustavad Teile k\u00f5rgetasemelise rehvimontaa\u017ei<\/p>\n","protected":false},"featured_media":3259,"comment_status":"closed","ping_status":"closed","template":"","meta":[],"product_cat":[64],"product_tag":[],"_links":{"self":[{"href":"https:\/\/bmwabi.ee\/et\/wp-json\/wp\/v2\/product\/2930"}],"collection":[{"href":"https:\/\/bmwabi.ee\/et\/wp-json\/wp\/v2\/product"}],"about":[{"href":"https:\/\/bmwabi.ee\/et\/wp-json\/wp\/v2\/types\/product"}],"replies":[{"embeddable":true,"href":"https:\/\/bmwabi.ee\/et\/wp-json\/wp\/v2\/comments?post=2930"}],"wp:featuredmedia":[{"embeddable":true,"href":"https:\/\/bmwabi.ee\/et\/wp-json\/wp\/v2\/media\/3259"}],"wp:attachment":[{"href":"https:\/\/bmwabi.ee\/et\/wp-json\/wp\/v2\/media?parent=2930"}],"wp:term":[{"taxonomy":"product_cat","embeddable":true,"href":"https:\/\/bmwabi.ee\/et\/wp-json\/wp\/v2\/product_cat?post=2930"},{"taxonomy":"product_tag","embeddable":true,"href":"https:\/\/bmwabi.ee\/et\/wp-json\/wp\/v2\/product_tag?post=2930"}],"curies":[{"name":"wp","href":"https:\/\/api.w.org\/{rel}","templated":true}]}}