{"id":3280,"date":"2020-03-20T19:07:17","date_gmt":"2020-03-20T17:07:17","guid":{"rendered":"https:\/\/bmwabi.ee\/ru\/?post_type=product&#038;p=3280"},"modified":"2020-03-27T13:35:38","modified_gmt":"2020-03-27T11:35:38","slug":"automaatkaigukasti-hooldus-ja-olivahetus-bmw-s","status":"publish","type":"product","link":"https:\/\/bmwabi.ee\/et\/p\/automaatkaigukasti-hooldus-ja-olivahetus-bmw-s\/","title":{"rendered":"Automaatk\u00e4igukasti \u00f5livahetus ja tehniline hooldus BMW autodel"},"content":{"rendered":"<p>BMW on t\u00e4nap\u00e4eval maailmas \u00fcks parimaid automaatk\u00e4igukastide tootjaid. Juhtimis- ja kasutuslihtsus ning s\u00f5idumugavus on automaatk\u00e4igukasti kindlad eelised. Kuigi automaatk\u00e4igukasti tehnilised \u00fclesanded v\u00f5ivad tunduda lihtsad, tegelikult on see s\u00f5iduki k\u00f5ige keerulisem elektromehhaaniline seade. T\u00f6\u00f6korras automaatk\u00e4igukast ei anna endast mingit m\u00e4rku, kuid autoomanik peaks teadma, et \u00fckski automaatk\u00e4igukast pole igavene ja vajab regulaarset hooldust. Palju soodsam on k\u00e4igukasti hooldada, kui p\u00e4rast remontida.<\/p>\n<p>Suurte kulude v\u00e4ltimiseks on vaja teha k\u00e4igukasti tehnilist \u00fclevaatust ja \u00f5livahetust.<\/p>\n<p>BMWAbi asjatundjad teostavad d\u00fcnaamilist \u00f5livahetust ainult spetsiaalse seadmega, mille abil saab t\u00e4ielikult vahetada kogu vana k\u00e4igukasti \u00f5li uue vastu.<\/p>\n<p>Usalda oma auto ainult professionaalide k\u00e4tte!<\/p>","protected":false},"excerpt":{"rendered":"<p>BMW on t\u00e4nap\u00e4eval maailmas \u00fcks parimaid automaatk\u00e4igukastide tootjaid. Juhtimis- ja kasutuslihtsus ning s\u00f5idumugavus on automaatk\u00e4igukasti kindlad eelised. Kuigi automaatk\u00e4igukasti tehnilised<\/p>\n","protected":false},"featured_media":3281,"comment_status":"closed","ping_status":"closed","template":"","meta":[],"product_cat":[64],"product_tag":[],"_links":{"self":[{"href":"https:\/\/bmwabi.ee\/et\/wp-json\/wp\/v2\/product\/3280"}],"collection":[{"href":"https:\/\/bmwabi.ee\/et\/wp-json\/wp\/v2\/product"}],"about":[{"href":"https:\/\/bmwabi.ee\/et\/wp-json\/wp\/v2\/types\/product"}],"replies":[{"embeddable":true,"href":"https:\/\/bmwabi.ee\/et\/wp-json\/wp\/v2\/comments?post=3280"}],"wp:featuredmedia":[{"embeddable":true,"href":"https:\/\/bmwabi.ee\/et\/wp-json\/wp\/v2\/media\/3281"}],"wp:attachment":[{"href":"https:\/\/bmwabi.ee\/et\/wp-json\/wp\/v2\/media?parent=3280"}],"wp:term":[{"taxonomy":"product_cat","embeddable":true,"href":"https:\/\/bmwabi.ee\/et\/wp-json\/wp\/v2\/product_cat?post=3280"},{"taxonomy":"product_tag","embeddable":true,"href":"https:\/\/bmwabi.ee\/et\/wp-json\/wp\/v2\/product_tag?post=3280"}],"curies":[{"name":"wp","href":"https:\/\/api.w.org\/{rel}","templated":true}]}}